{"id":1414,"date":"2023-05-10T12:37:34","date_gmt":"2023-05-10T12:37:34","guid":{"rendered":"https:\/\/codeximport.es\/?page_id=1414"},"modified":"2024-02-28T11:16:54","modified_gmt":"2024-02-28T11:16:54","slug":"terminos-y-condiciones","status":"publish","type":"page","link":"https:\/\/codeximport.es\/index.php\/terminos-y-condiciones\/","title":{"rendered":"T\u00e9rminos y Condiciones"},"content":{"rendered":"\t\t<div data-elementor-type=\"wp-page\" data-elementor-id=\"1414\" class=\"elementor elementor-1414\">\n\t\t\t\t\t\t<section class=\"elementor-section elementor-top-section elementor-element elementor-element-45b43e69 elementor-section-boxed elementor-section-height-default elementor-section-height-default\" data-id=\"45b43e69\" data-element_type=\"section\" data-e-type=\"section\">\n\t\t\t\t\t\t<div class=\"elementor-container elementor-column-gap-default\">\n\t\t\t\t\t<div class=\"elementor-column elementor-col-100 elementor-top-column elementor-element elementor-element-65507fab\" data-id=\"65507fab\" data-element_type=\"column\" data-e-type=\"column\">\n\t\t\t<div class=\"elementor-widget-wrap elementor-element-populated\">\n\t\t\t\t\t\t<div class=\"elementor-element elementor-element-6e014653 elementor-widget elementor-widget-text-editor\" data-id=\"6e014653\" data-element_type=\"widget\" data-e-type=\"widget\" data-widget_type=\"text-editor.default\">\n\t\t\t\t<div class=\"elementor-widget-container\">\n\t\t\t\t\t\t\t\t\t\n<p><\/p>\n\n\n\n<p><\/p>\n\t\t\t\t\t\t\t\t<\/div>\n\t\t\t\t<\/div>\n\t\t\t\t\t<\/div>\n\t\t<\/div>\n\t\t\t\t\t<\/div>\n\t\t<\/section>\n\t\t<div class=\"elementor-element elementor-element-cedecb9 e-flex e-con-boxed e-con e-parent\" data-id=\"cedecb9\" data-element_type=\"container\" data-e-type=\"container\">\n\t\t\t\t\t<div class=\"e-con-inner\">\n\t\t\t\t<div class=\"elementor-element elementor-element-3bc6b52 elementor-widget elementor-widget-text-editor\" data-id=\"3bc6b52\" data-element_type=\"widget\" data-e-type=\"widget\" data-widget_type=\"text-editor.default\">\n\t\t\t\t<div class=\"elementor-widget-container\">\n\t\t\t\t\t\t\t\t\t<h2>Aviso Legal<\/h2>\n<h5><em>En cumplimiento con el deber de informaci\u00f3n recogido en art\u00edculo 10 de la Ley 34\/2002, de 11 de julio, de Servicios de la Sociedad de la Informaci\u00f3n y del Comercio Electr\u00f3nico, a continuaci\u00f3n se reflejan los siguientes datos: el titular de dominio web es&nbsp;<strong>Javier T\u00f3rtola Contreras<\/strong>&nbsp;(en adelante&nbsp;<strong>CODEX IMPORT<\/strong>), <\/em>n\u00famero de NIF: 53052553V inscrita en el RETA (R\u00e9gimen General de Trabajadores Aut\u00f3nomos).<br>Tel\u00e9fono: 645034690<br>Mail: info@codeximport.es<\/h5>\n<div>&nbsp;<\/div>\n<p><\/p>\n<h2><span id=\"Por_que_son_importantes_los_terminos_y_condiciones_en_un_e-commerce\"><strong>\u00bfPor qu\u00e9 son importantes los&nbsp;<\/strong><strong>t\u00e9rminos y condiciones en un e-commerce<\/strong><strong>?<\/strong><\/span><\/h2>\n<p>Los t\u00e9rminos y condiciones de una tienda online son importantes por varios motivos, siendo el m\u00e1s evidente (como ya hemos se\u00f1alado) el evitar que sancionen al due\u00f1o de la tienda por incumplir la normativa vigente, que exige que todo comercio electr\u00f3nico cuente con ellos. El usuario debe siempre estar informado de las condiciones de contrataci\u00f3n de un producto o servicio.<\/p>\n<p>En l\u00ednea con el \u00e1mbito legal; tener unos t\u00e9rminos y condiciones claros, espec\u00edficos y que abarquen todos los aspectos del e-commerce, puede ayudar en caso de tener problemas con alg\u00fan cliente en el futuro, especialmente si se llega a los tribunales. Es en ellos donde quedan recogidos los compromisos y responsabilidades asumidos por el vendedor y cuando un cliente los acepta, queda sometido a ellos (as\u00ed que recordad leerlos antes de hacer una reclamaci\u00f3n que podr\u00eda no estar justificada; de hecho, lo ideal es que los ley\u00e9ramos antes de realizar la compra siempre).<\/p>\n<p>M\u00e1s all\u00e1 del cumplimiento de la ley, los t\u00e9rminos y condiciones son tambi\u00e9n importantes, porque su presencia, especialmente si son claros y f\u00e1ciles de entender, genera confianza en los clientes y usuarios (independientemente de que se paren a leerlos o solo los consulten en parte). Si un cliente tiene dudas sobre, por ejemplo, los gastos de env\u00edo o si sobre podr\u00e1 devolver un producto con el que no est\u00e9 satisfecho, podr\u00e1 consultarlo en los t\u00e9rminos y condiciones de la tienda.<\/p>\n<p>La normativa aplicable a los&nbsp;<strong>t\u00e9rminos y condiciones de una tienda online en 2023<\/strong>&nbsp;podemos encontrarla repartida a trav\u00e9s de diferentes leyes y reglamentos, que es necesario tener en cuenta a la hora de redactar estas reglas y normas:<\/p>\n<ul>\n<li>Ley 7\/1996 de Ordenaci\u00f3n del Comercio Minorista<\/li>\n<li>Real Decreto Legislativo 1\/1996 de la Propiedad Intelectual e Industrial<\/li>\n<li>Ley 7\/1998 de&nbsp;<a href=\"https:\/\/protecciondatos-lopd.com\/empresas\/condiciones-generales-venta\/\" data-mil=\"18904\">Condiciones Generales de Contrataci\u00f3n<\/a><\/li>\n<li><a href=\"https:\/\/protecciondatos-lopd.com\/empresas\/lssi-ce\/\" target=\"_blank\" rel=\"noopener noreferrer\" data-mil=\"18904\">Ley 34\/2002 de Servicios de la Sociedad de la Informaci\u00f3n y Comercio Electr\u00f3nico<\/a>&nbsp;(LSSI)<\/li>\n<li>Ley 3\/2014 que modifica el Real Decreto legislativo 1\/2007 del texto refundido de la Ley General para la Defensa de los Consumidores y Usuarios y otras leyes complementarias<\/li>\n<li>Reglamento (UE) 2018\/302 que garantiza el derecho de los clientes al libre acceso a una tienda online con independencia de su pa\u00eds europeo de residencia.<\/li>\n<li>Reglamento General de Protecci\u00f3n de Datos y&nbsp;<a href=\"https:\/\/protecciondatos-lopd.com\/empresas\/nueva-ley-proteccion-datos-2018\/\" target=\"_blank\" rel=\"noopener noreferrer\" data-mil=\"18904\">Ley Org\u00e1nica de Protecci\u00f3n de Datos y Garant\u00eda de Derechos Digitales<\/a><\/li>\n<\/ul>\n<h3>1. Acuerdo<\/h3>\n<p>(En adelante \u201cnosotros\/as\u201d, \u201ca nosotros\/as\u201d o \u201cnuestro\/a\u201d). Por favor, lea detenidamente los presentes T\u00e9rminos, puesto que afectan a sus derechos y responsabilidades ante la ley. Si no est\u00e1 de acuerdo con los presentes T\u00e9rminos, por favor, no acceda ni utilice el Sitio Web. Si tiene alguna pregunta sobre los presentes T\u00e9rminos, le rogamos que se ponga en contacto con nosotros.<\/p>\n<h3>2. Modificaciones<\/h3>\n<p>Nos reservamos el derecho a:<\/p>\n<ul>\n<li>\n<p>Actualizar estos T\u00e9rminos en cualquier momento y cualesquiera que sean las modificaciones, estas ser\u00e1n notificadas adecuadamente mediante un anuncio en el Sitio Web. Es su responsabilidad verificar la existencia de dichas modificaciones. Las modificaciones se aplicar\u00e1n al uso de la P\u00e1gina Web una vez que hayamos realizado dicho anuncio. En caso de que usted no acepte los nuevos T\u00e9rminos usted no debe continuar utilizando el Sitio Web. En caso de que usted contin\u00fae utilizando el Sitio Web despu\u00e9s de la fecha en que la modificaci\u00f3n entre en vigor, su utilizaci\u00f3n del Sitio Web indicar\u00e1 su acuerdo a quedar vinculado por los nuevos T\u00e9rminos; y<\/p>\n<\/li>\n<li>\n<p>Modificar o retirar, temporal o permanentemente, este Sitio Web y el material contenido en el mismo (o cualquier parte) sin notific\u00e1rselo previamente y usted confirma que nosotros no seremos responsables frente a usted por cualquier modificaci\u00f3n o retirada del Sitio Web o de su contenido.<\/p>\n<\/li>\n<\/ul>\n<div>\n<h3>3. Registro<\/h3>\n<p>Usted garantiza que:<\/p>\n<ul>\n<li>\n<p>La informaci\u00f3n personal que se le solicita cuando se registre es verdadera, exacta, actual y completa en todos sus aspectos; y<\/p>\n<\/li>\n<li>\n<p>Usted no est\u00e1 suplantando a ninguna otra persona o entidad.<\/p>\n<\/li>\n<\/ul>\n<p>Usted nos notificar\u00e1 de inmediato sobre cualquier cambio en su informaci\u00f3n personal mediante el env\u00edo de un mensaje a trav\u00e9s de su cuenta de CODEXIMPORT.<\/p>\n<h3>4. Cumplimiento<\/h3>\n<p>El Sitio Web solamente podr\u00e1 ser utilizado a efectos l\u00edcitos y de forma l\u00edcita. Usted acuerda cumplir con todas las leyes, normas y reglamentos aplicables en relaci\u00f3n con el Sitio Web y su utilizaci\u00f3n. Usted acuerda no introducir ni transmitir a trav\u00e9s del Sitio Web:<\/p>\n<ul>\n<li>\n<p>Ning\u00fan virus inform\u00e1tico ni ning\u00fan otro elemento dise\u00f1ado para interferir con, interrumpir o impedir los procedimientos operativos normales de un ordenador; y<\/p>\n<\/li>\n<li>\n<p>Cualquier material que sea difamatorio, ofensivo o de naturaleza obscena.<\/p>\n<\/li>\n<\/ul>\n<h3>5. Indemnizaci\u00f3n<\/h3>\n<p>Usted acuerda de manera completa e inmediata previa solicitud: indemnizarnos, defendernos y mantenernos indemnes, as\u00ed como a nuestros ejecutivos, consejeros, empleados y proveedores, frente y contra todas las reclamaciones, p\u00e9rdidas, costes y gastos, incluyendo honorarios legales razonables, que se deriven de su incumplimiento de estos T\u00e9rminos, o de cualesquiera otras responsabilidades que se deriven de su uso de este Sitio Web o de cualquier otra persona que acceda al Sitio Web utilizando su informaci\u00f3n personal.<\/p>\n<h3>6. Pedidos y env\u00edo<\/h3>\n<p>Todos los pedidos est\u00e1n sujetos a aceptaci\u00f3n y disponibilidad. Si los bienes solicitados no estuvieren disponibles en stock, se le notificar\u00e1 esta circunstancia por correo electr\u00f3nico o en la misma p\u00e1gina de la Tienda y usted podr\u00e1 optar entre esperar a que el bien est\u00e9 disponible o cancelar su pedido.<\/p>\n<p>Hay varios m\u00e9todos de env\u00edo:<\/p>\n<p>1.- Env\u00edo 24h: el producto llegar\u00e1 a su destino al d\u00eda siguiente de realizar el pedido si se ha formalizado antes de las 17h.<\/p>\n<p>2.- Env\u00edo 72h: el producto llegar\u00e1 como m\u00e1ximo en los tres siguientes d\u00edas a la formalizaci\u00f3n del pedido.<\/p>\n<p>3.- Recogida local: puede recoger el pedido sin costes en nuestro almac\u00e9n. Si elige esta opci\u00f3n le comunicaremos la direcci\u00f3n de recogida mediante correo electr\u00f3nico o en el apartado Mi Cuenta.<\/p>\n<p>Cualquier pedido realizado online por su parte ser\u00e1 tratado como una oferta de compra de nuestros productos y servicios. Nosotros nos reservamos el derecho a rechazar cualquiera de sus ofertas en cualquier momento. Como usuario, usted acepta que cualquier notificaci\u00f3n autom\u00e1tica de recepci\u00f3n de su pedido que reciba por nuestra parte no supondr\u00e1 nuestra aceptaci\u00f3n de su oferta de compra de productos y servicios de nuestra web. La celebraci\u00f3n de un contrato entre usted como usuario y nosotros tendr\u00e1 lugar: (i) cuando nosotros realicemos un cargo en su tarjeta de d\u00e9bito o cr\u00e9dito o cuenta de Paypal o (ii) cuando despachemos los productos o comencemos los servicios, si esta fecha es posterior.<\/p>\n<p>Nosotros nos haremos cargo de, en la medida en que podamos hacerlo, mantener seguros los detalles de su pedido y pago, pero en ausencia de negligencia por nuestra parte no podemos ser responsables de cualquier p\u00e9rdida que usted sufra en caso de que un tercero trate de acceder de forma no autorizada a cualesquiera datos proporcionados por usted cuando acceda o curse un pedido en el Sitio Web.<\/p>\n<p>Usted se har\u00e1 responsable de los productos una vez hayan sido despachados en la direcci\u00f3n de entrega que haya proporcionado a la hora de hacer el pedido. No aceptamos ninguna responsabilidad en el caso de que haya proporcionado una direcci\u00f3n de entrega incorrecta o si no puede recoger los productos en la direcci\u00f3n de entrega que haya especificado. A pesar de que el riesgo de p\u00e9rdida o da\u00f1o de los productos solo se le transmite una vez que han sido entregados en la direcci\u00f3n de entrega, la propiedad de los productos se transmitir\u00e1 a usted en el momento posterior a: a) que los productos hayan sido enviados por nosotros; y b) que nosotros recibamos el pago correspondiente. Sin perjuicio de que el riesgo de p\u00e9rdida o da\u00f1o de los productos solo se transfiere a usted una vez que los productos se hayan entregado en la direcci\u00f3n de facilitada de entrega, la propiedad de los productos pasar\u00e1 a usted en el los siguientes casos: (a) los productos que enviamos; y (b) que recibamos el pago con respecto a los mismos.<\/p>\n<h3>7. Precio&nbsp;<\/h3>\n<p>Todos los precios que se muestran en el Sitio Web NO incluyen IVA&nbsp; y son correctos en el momento en que son introducidos en el sistema. No obstante, nos reservamos el derecho a cambiar los precios en cualquier momento sin previo aviso (tenga en cuenta que estos cambios no afectar\u00e1n aquellos pedidos para los que ya haya recibido la Confirmaci\u00f3n de env\u00edo).<\/p>\n<p>En el caso excepcional de que el precio mostrado en la p\u00e1gina de pago sea incorrecto, y este hecho sea descubierto con anterioridad a que nosotros aceptemos su pedido, nosotros no tenemos la obligaci\u00f3n de venderle esos art\u00edculos al precio mostrado incorrectamente. Nosotros siempre intentaremos asegurar que los precios de los bienes mostrados en la web sean correctos, pero a veces pueden ocurrir errores. Si descubrimos un error en el precio de los art\u00edculos que haya pedido, se lo haremos saber tan pronto como sea posible y le daremos la opci\u00f3n de volver a confirmar el pedido al precio correcto o cancelarlo. Si cancela su pedido una vez se haya producido el pago, nosotros le devolveremos el precio en su totalidad.<\/p>\n<p><span style=\"text-align: var(--text-align); color: var(--global-palette5); font-family: var(--global-body-font-family);\">Solo podr\u00e1 usar un c\u00f3digo descuento por cada pedido. Nos reservamos el derecho a rechazar o cancelar cualquier pedido donde se a\u00f1ada m\u00e1s de un c\u00f3digo descuento a la cesta de compra.<\/span><\/p>\n<p>Nosotros permitimos el uso de c\u00f3digos descuento estrictamente bajo los t\u00e9rminos y condiciones bajo los que son creados, y que pueden incluir su elegibilidad para usarlos as\u00ed como un m\u00e1ximo valor del pedido.<\/p>\n<p>Por favor, familiar\u00edcese con estos t\u00e9rminos y condiciones antes de realizar un pedido ya que nos reservamos el derecho de rechazar o cancelar cualquier pedido que no cumpla con ellos, incluso si ha habido un cargo en su tarjeta de cr\u00e9dito o d\u00e9bito. Si hubiera cualquier inconsistencia entre los t\u00e9rminos y condiciones bajo los que se crean los c\u00f3digos descuento y estos T\u00e9rminos y Condiciones, los t\u00e9rminos y condiciones de c\u00f3digo de descuento prevalecer\u00e1n. Puede solicitar una copia de los t\u00e9rminos y condiciones de los c\u00f3digos de descuento a nuestro Servicio de Atenci\u00f3n al Cliente.<\/p>\n<p><\/p>\n<p>.<\/p>\n<\/div>\n<div>\n<p style=\"margin-right: 0px; margin-bottom: 1em; margin-left: 0px; font-family: 'Helvetica Neue', Helvetica, Arial, sans-serif; line-height: 1.2; color: #000000;\">\n<\/p><\/div>\t\t\t\t\t\t\t\t<\/div>\n\t\t\t\t<\/div>\n\t\t\t\t\t<\/div>\n\t\t\t\t<\/div>\n\t\t\t\t<\/div>\n\t\t","protected":false},"excerpt":{"rendered":"<p>Aviso Legal En cumplimiento con el deber de informaci\u00f3n recogido en art\u00edculo 10 de la Ley 34\/2002, de 11 de julio, de Servicios de la Sociedad de la Informaci\u00f3n y del Comercio Electr\u00f3nico, a continuaci\u00f3n se reflejan los siguientes datos: el titular de dominio web es&nbsp;Javier T\u00f3rtola Contreras&nbsp;(en adelante&nbsp;CODEX IMPORT), n\u00famero de NIF: 53052553V inscrita&#8230;<\/p>\n","protected":false},"author":1,"featured_media":0,"parent":0,"menu_order":0,"comment_status":"closed","ping_status":"closed","template":"","meta":{"_kadence_starter_templates_imported_post":false,"_kad_post_transparent":"","_kad_post_title":"","_kad_post_layout":"","_kad_post_sidebar_id":"","_kad_post_content_style":"","_kad_post_vertical_padding":"","_kad_post_feature":"","_kad_post_feature_position":"","_kad_post_header":false,"_kad_post_footer":false,"_kad_post_classname":"","footnotes":""},"class_list":["post-1414","page","type-page","status-publish","hentry"],"yoast_head":"<!-- This site is optimized with the Yoast SEO plugin v27.4 - https:\/\/yoast.com\/product\/yoast-seo-wordpress\/ -->\n<title>T\u00e9rminos y Condiciones - CODEX IMPORT<\/title>\n<meta name=\"robots\" content=\"index, follow, max-snippet:-1, max-image-preview:large, max-video-preview:-1\" \/>\n<link rel=\"canonical\" href=\"https:\/\/codeximport.es\/index.php\/terminos-y-condiciones\/\" \/>\n<meta property=\"og:locale\" content=\"es_ES\" \/>\n<meta property=\"og:type\" content=\"article\" \/>\n<meta property=\"og:title\" content=\"T\u00e9rminos y Condiciones - CODEX IMPORT\" \/>\n<meta property=\"og:description\" content=\"Aviso Legal En cumplimiento con el deber de informaci\u00f3n recogido en art\u00edculo 10 de la Ley 34\/2002, de 11 de julio, de Servicios de la Sociedad de la Informaci\u00f3n y del Comercio Electr\u00f3nico, a continuaci\u00f3n se reflejan los siguientes datos: el titular de dominio web es&nbsp;Javier T\u00f3rtola Contreras&nbsp;(en adelante&nbsp;CODEX IMPORT), n\u00famero de NIF: 53052553V inscrita...\" \/>\n<meta property=\"og:url\" content=\"https:\/\/codeximport.es\/index.php\/terminos-y-condiciones\/\" \/>\n<meta property=\"og:site_name\" content=\"CODEX IMPORT\" \/>\n<meta property=\"article:modified_time\" content=\"2024-02-28T11:16:54+00:00\" \/>\n<meta name=\"twitter:card\" content=\"summary_large_image\" \/>\n<script type=\"application\/ld+json\" class=\"yoast-schema-graph\">{\"@context\":\"https:\\\/\\\/schema.org\",\"@graph\":[{\"@type\":\"WebPage\",\"@id\":\"https:\\\/\\\/codeximport.es\\\/index.php\\\/terminos-y-condiciones\\\/\",\"url\":\"https:\\\/\\\/codeximport.es\\\/index.php\\\/terminos-y-condiciones\\\/\",\"name\":\"T\u00e9rminos y Condiciones - CODEX IMPORT\",\"isPartOf\":{\"@id\":\"https:\\\/\\\/codeximport.es\\\/#website\"},\"datePublished\":\"2023-05-10T12:37:34+00:00\",\"dateModified\":\"2024-02-28T11:16:54+00:00\",\"breadcrumb\":{\"@id\":\"https:\\\/\\\/codeximport.es\\\/index.php\\\/terminos-y-condiciones\\\/#breadcrumb\"},\"inLanguage\":\"es\",\"potentialAction\":[{\"@type\":\"ReadAction\",\"target\":[\"https:\\\/\\\/codeximport.es\\\/index.php\\\/terminos-y-condiciones\\\/\"]}]},{\"@type\":\"BreadcrumbList\",\"@id\":\"https:\\\/\\\/codeximport.es\\\/index.php\\\/terminos-y-condiciones\\\/#breadcrumb\",\"itemListElement\":[{\"@type\":\"ListItem\",\"position\":1,\"name\":\"Inicio\",\"item\":\"https:\\\/\\\/codeximport.es\\\/\"},{\"@type\":\"ListItem\",\"position\":2,\"name\":\"T\u00e9rminos y Condiciones\"}]},{\"@type\":\"WebSite\",\"@id\":\"https:\\\/\\\/codeximport.es\\\/#website\",\"url\":\"https:\\\/\\\/codeximport.es\\\/\",\"name\":\"CODEX IMPORT\",\"description\":\"Tu tienda de etiquetas t\u00e9rmicas\",\"publisher\":{\"@id\":\"https:\\\/\\\/codeximport.es\\\/#\\\/schema\\\/person\\\/dbc5e59c599c92de9722be2ce54f3d0c\"},\"potentialAction\":[{\"@type\":\"SearchAction\",\"target\":{\"@type\":\"EntryPoint\",\"urlTemplate\":\"https:\\\/\\\/codeximport.es\\\/?s={search_term_string}\"},\"query-input\":{\"@type\":\"PropertyValueSpecification\",\"valueRequired\":true,\"valueName\":\"search_term_string\"}}],\"inLanguage\":\"es\"},{\"@type\":[\"Person\",\"Organization\"],\"@id\":\"https:\\\/\\\/codeximport.es\\\/#\\\/schema\\\/person\\\/dbc5e59c599c92de9722be2ce54f3d0c\",\"name\":\"codexpedidos\",\"image\":{\"@type\":\"ImageObject\",\"inLanguage\":\"es\",\"@id\":\"https:\\\/\\\/codeximport.es\\\/wp-content\\\/uploads\\\/2023\\\/05\\\/cropped-logo.jpg\",\"url\":\"https:\\\/\\\/codeximport.es\\\/wp-content\\\/uploads\\\/2023\\\/05\\\/cropped-logo.jpg\",\"contentUrl\":\"https:\\\/\\\/codeximport.es\\\/wp-content\\\/uploads\\\/2023\\\/05\\\/cropped-logo.jpg\",\"width\":340,\"height\":207,\"caption\":\"codexpedidos\"},\"logo\":{\"@id\":\"https:\\\/\\\/codeximport.es\\\/wp-content\\\/uploads\\\/2023\\\/05\\\/cropped-logo.jpg\"},\"sameAs\":[\"https:\\\/\\\/codeximport.es\"]}]}<\/script>\n<!-- \/ Yoast SEO plugin. -->","yoast_head_json":{"title":"T\u00e9rminos y Condiciones - CODEX IMPORT","robots":{"index":"index","follow":"follow","max-snippet":"max-snippet:-1","max-image-preview":"max-image-preview:large","max-video-preview":"max-video-preview:-1"},"canonical":"https:\/\/codeximport.es\/index.php\/terminos-y-condiciones\/","og_locale":"es_ES","og_type":"article","og_title":"T\u00e9rminos y Condiciones - CODEX IMPORT","og_description":"Aviso Legal En cumplimiento con el deber de informaci\u00f3n recogido en art\u00edculo 10 de la Ley 34\/2002, de 11 de julio, de Servicios de la Sociedad de la Informaci\u00f3n y del Comercio Electr\u00f3nico, a continuaci\u00f3n se reflejan los siguientes datos: el titular de dominio web es&nbsp;Javier T\u00f3rtola Contreras&nbsp;(en adelante&nbsp;CODEX IMPORT), n\u00famero de NIF: 53052553V inscrita...","og_url":"https:\/\/codeximport.es\/index.php\/terminos-y-condiciones\/","og_site_name":"CODEX IMPORT","article_modified_time":"2024-02-28T11:16:54+00:00","twitter_card":"summary_large_image","schema":{"@context":"https:\/\/schema.org","@graph":[{"@type":"WebPage","@id":"https:\/\/codeximport.es\/index.php\/terminos-y-condiciones\/","url":"https:\/\/codeximport.es\/index.php\/terminos-y-condiciones\/","name":"T\u00e9rminos y Condiciones - CODEX IMPORT","isPartOf":{"@id":"https:\/\/codeximport.es\/#website"},"datePublished":"2023-05-10T12:37:34+00:00","dateModified":"2024-02-28T11:16:54+00:00","breadcrumb":{"@id":"https:\/\/codeximport.es\/index.php\/terminos-y-condiciones\/#breadcrumb"},"inLanguage":"es","potentialAction":[{"@type":"ReadAction","target":["https:\/\/codeximport.es\/index.php\/terminos-y-condiciones\/"]}]},{"@type":"BreadcrumbList","@id":"https:\/\/codeximport.es\/index.php\/terminos-y-condiciones\/#breadcrumb","itemListElement":[{"@type":"ListItem","position":1,"name":"Inicio","item":"https:\/\/codeximport.es\/"},{"@type":"ListItem","position":2,"name":"T\u00e9rminos y Condiciones"}]},{"@type":"WebSite","@id":"https:\/\/codeximport.es\/#website","url":"https:\/\/codeximport.es\/","name":"CODEX IMPORT","description":"Tu tienda de etiquetas t\u00e9rmicas","publisher":{"@id":"https:\/\/codeximport.es\/#\/schema\/person\/dbc5e59c599c92de9722be2ce54f3d0c"},"potentialAction":[{"@type":"SearchAction","target":{"@type":"EntryPoint","urlTemplate":"https:\/\/codeximport.es\/?s={search_term_string}"},"query-input":{"@type":"PropertyValueSpecification","valueRequired":true,"valueName":"search_term_string"}}],"inLanguage":"es"},{"@type":["Person","Organization"],"@id":"https:\/\/codeximport.es\/#\/schema\/person\/dbc5e59c599c92de9722be2ce54f3d0c","name":"codexpedidos","image":{"@type":"ImageObject","inLanguage":"es","@id":"https:\/\/codeximport.es\/wp-content\/uploads\/2023\/05\/cropped-logo.jpg","url":"https:\/\/codeximport.es\/wp-content\/uploads\/2023\/05\/cropped-logo.jpg","contentUrl":"https:\/\/codeximport.es\/wp-content\/uploads\/2023\/05\/cropped-logo.jpg","width":340,"height":207,"caption":"codexpedidos"},"logo":{"@id":"https:\/\/codeximport.es\/wp-content\/uploads\/2023\/05\/cropped-logo.jpg"},"sameAs":["https:\/\/codeximport.es"]}]}},"_links":{"self":[{"href":"https:\/\/codeximport.es\/index.php\/wp-json\/wp\/v2\/pages\/1414","targetHints":{"allow":["GET"]}}],"collection":[{"href":"https:\/\/codeximport.es\/index.php\/wp-json\/wp\/v2\/pages"}],"about":[{"href":"https:\/\/codeximport.es\/index.php\/wp-json\/wp\/v2\/types\/page"}],"author":[{"embeddable":true,"href":"https:\/\/codeximport.es\/index.php\/wp-json\/wp\/v2\/users\/1"}],"replies":[{"embeddable":true,"href":"https:\/\/codeximport.es\/index.php\/wp-json\/wp\/v2\/comments?post=1414"}],"version-history":[{"count":23,"href":"https:\/\/codeximport.es\/index.php\/wp-json\/wp\/v2\/pages\/1414\/revisions"}],"predecessor-version":[{"id":2177,"href":"https:\/\/codeximport.es\/index.php\/wp-json\/wp\/v2\/pages\/1414\/revisions\/2177"}],"wp:attachment":[{"href":"https:\/\/codeximport.es\/index.php\/wp-json\/wp\/v2\/media?parent=1414"}],"curies":[{"name":"wp","href":"https:\/\/api.w.org\/{rel}","templated":true}]}}