{"id":492,"date":"2020-10-26T11:38:49","date_gmt":"2020-10-26T08:38:49","guid":{"rendered":"http:\/\/www.grafas.org\/demo02\/?page_id=492"},"modified":"2024-01-27T09:29:45","modified_gmt":"2024-01-27T09:29:45","slug":"about","status":"publish","type":"page","link":"https:\/\/codeximport.es\/index.php\/about\/","title":{"rendered":"About"},"content":{"rendered":"\t\t<div data-elementor-type=\"wp-page\" data-elementor-id=\"492\" class=\"elementor elementor-492\">\n\t\t\t\t\t\t<section class=\"elementor-section elementor-top-section elementor-element elementor-element-447bb11 elementor-section-height-min-height elementor-section-items-bottom elementor-section-boxed elementor-section-height-default\" data-id=\"447bb11\" data-element_type=\"section\" data-e-type=\"section\" data-settings=\"{&quot;background_background&quot;:&quot;classic&quot;}\">\n\t\t\t\t\t\t\t<div class=\"elementor-background-overlay\"><\/div>\n\t\t\t\t\t\t\t<div class=\"elementor-container elementor-column-gap-default\">\n\t\t\t\t\t<div class=\"elementor-column elementor-col-50 elementor-top-column elementor-element elementor-element-01b2a2e\" data-id=\"01b2a2e\" data-element_type=\"column\" data-e-type=\"column\">\n\t\t\t<div class=\"elementor-widget-wrap elementor-element-populated\">\n\t\t\t\t\t\t<div class=\"elementor-element elementor-element-5cf34b4 elementor-widget elementor-widget-heading\" data-id=\"5cf34b4\" data-element_type=\"widget\" data-e-type=\"widget\" data-widget_type=\"heading.default\">\n\t\t\t\t<div class=\"elementor-widget-container\">\n\t\t\t\t\t<h2 class=\"elementor-heading-title elementor-size-default\">Algo sobre nosotros...<\/h2>\t\t\t\t<\/div>\n\t\t\t\t<\/div>\n\t\t\t\t\t<\/div>\n\t\t<\/div>\n\t\t\t\t<div class=\"elementor-column elementor-col-50 elementor-top-column elementor-element elementor-element-71f47ea elementor-hidden-tablet elementor-hidden-phone\" data-id=\"71f47ea\" data-element_type=\"column\" data-e-type=\"column\">\n\t\t\t<div class=\"elementor-widget-wrap\">\n\t\t\t\t\t\t\t<\/div>\n\t\t<\/div>\n\t\t\t\t\t<\/div>\n\t\t<\/section>\n\t\t\t\t<section class=\"elementor-section elementor-top-section elementor-element elementor-element-f4ff7ab elementor-section-boxed elementor-section-height-default elementor-section-height-default\" data-id=\"f4ff7ab\" data-element_type=\"section\" data-e-type=\"section\">\n\t\t\t\t\t\t<div class=\"elementor-container elementor-column-gap-default\">\n\t\t\t\t\t<div class=\"elementor-column elementor-col-33 elementor-top-column elementor-element elementor-element-44539d7\" data-id=\"44539d7\" data-element_type=\"column\" data-e-type=\"column\">\n\t\t\t<div class=\"elementor-widget-wrap elementor-element-populated\">\n\t\t\t\t\t\t<div class=\"elementor-element elementor-element-0417317 elementor-widget elementor-widget-heading\" data-id=\"0417317\" data-element_type=\"widget\" data-e-type=\"widget\" data-widget_type=\"heading.default\">\n\t\t\t\t<div class=\"elementor-widget-container\">\n\t\t\t\t\t<h5 class=\"elementor-heading-title elementor-size-default\">Nuestra historia<\/h5>\t\t\t\t<\/div>\n\t\t\t\t<\/div>\n\t\t\t\t<div class=\"elementor-element elementor-element-59203da elementor-widget elementor-widget-heading\" data-id=\"59203da\" data-element_type=\"widget\" data-e-type=\"widget\" data-widget_type=\"heading.default\">\n\t\t\t\t<div class=\"elementor-widget-container\">\n\t\t\t\t\t<h3 class=\"elementor-heading-title elementor-size-default\">Empezamos...<\/h3>\t\t\t\t<\/div>\n\t\t\t\t<\/div>\n\t\t\t\t<div class=\"elementor-element elementor-element-2583fa7 elementor-widget elementor-widget-text-editor\" data-id=\"2583fa7\" data-element_type=\"widget\" data-e-type=\"widget\" data-widget_type=\"text-editor.default\">\n\t\t\t\t<div class=\"elementor-widget-container\">\n\t\t\t\t\t\t\t\t\t<p>Dicen que la curiosidad mat\u00f3 al gato. En nuestro caso, la curiosidad nos hizo crecer.<br \/>Empezamos probando en Amazon con un producto las Navidades pasadas.<br \/>La cosa funcion\u00f3, as\u00ed que buscando nuevos productos dimos con unas etiquetas de muy buena calidad y a un precio muy econ\u00f3mico. Decidimos trasladar esos precios a nuestros clientes. Creo que hoy puedo decir que son <strong>las m\u00e1s econ\u00f3micas<\/strong> del mercado, s\u00f3lo tienes que mirar precios en cualquier tienda online.\u00a0<br \/>Poco a poco iremos a\u00f1adiendo productos a la tienda. Si te interesa que busquemos alg\u00fan producto de log\u00edstica en especial puedes preguntarnos y miramos precios.<\/p><p>Te dejo un v\u00eddeo de nuestro primer cliente.<\/p>\t\t\t\t\t\t\t\t<\/div>\n\t\t\t\t<\/div>\n\t\t\t\t\t<\/div>\n\t\t<\/div>\n\t\t\t\t<div class=\"elementor-column elementor-col-33 elementor-top-column elementor-element elementor-element-6d4acba elementor-hidden-mobile\" data-id=\"6d4acba\" data-element_type=\"column\" data-e-type=\"column\">\n\t\t\t<div class=\"elementor-widget-wrap elementor-element-populated\">\n\t\t\t\t\t\t<div class=\"elementor-element elementor-element-07f52d4 elementor-widget elementor-widget-image\" data-id=\"07f52d4\" data-element_type=\"widget\" data-e-type=\"widget\" data-widget_type=\"image.default\">\n\t\t\t\t<div class=\"elementor-widget-container\">\n\t\t\t\t\t\t\t\t\t\t\t\t\t\t\t<img fetchpriority=\"high\" decoding=\"async\" width=\"540\" height=\"700\" src=\"https:\/\/codeximport.es\/wp-content\/uploads\/2023\/05\/sobre.jpg\" class=\"attachment-large size-large wp-image-1729\" alt=\"\" srcset=\"https:\/\/codeximport.es\/wp-content\/uploads\/2023\/05\/sobre.jpg 540w, https:\/\/codeximport.es\/wp-content\/uploads\/2023\/05\/sobre-231x300.jpg 231w\" sizes=\"(max-width: 540px) 100vw, 540px\" \/>\t\t\t\t\t\t\t\t\t\t\t\t\t\t\t<\/div>\n\t\t\t\t<\/div>\n\t\t\t\t\t<\/div>\n\t\t<\/div>\n\t\t\t\t<div class=\"elementor-column elementor-col-33 elementor-top-column elementor-element elementor-element-3dd869f elementor-hidden-mobile\" data-id=\"3dd869f\" data-element_type=\"column\" data-e-type=\"column\">\n\t\t\t<div class=\"elementor-widget-wrap elementor-element-populated\">\n\t\t\t\t\t\t<div class=\"elementor-element elementor-element-08de217 elementor-widget elementor-widget-image\" data-id=\"08de217\" data-element_type=\"widget\" data-e-type=\"widget\" data-widget_type=\"image.default\">\n\t\t\t\t<div class=\"elementor-widget-container\">\n\t\t\t\t\t\t\t\t\t\t\t\t\t\t\t<img decoding=\"async\" width=\"657\" height=\"387\" data-src=\"https:\/\/codeximport.es\/wp-content\/uploads\/2023\/05\/ladrillos.jpg\" class=\"attachment-large size-large wp-image-1518 lazyload\" alt=\"\" data-srcset=\"https:\/\/codeximport.es\/wp-content\/uploads\/2023\/05\/ladrillos.jpg 657w, https:\/\/codeximport.es\/wp-content\/uploads\/2023\/05\/ladrillos-300x177.jpg 300w\" data-sizes=\"(max-width: 657px) 100vw, 657px\" src=\"data:image\/svg+xml;base64,PHN2ZyB3aWR0aD0iMSIgaGVpZ2h0PSIxIiB4bWxucz0iaHR0cDovL3d3dy53My5vcmcvMjAwMC9zdmciPjwvc3ZnPg==\" style=\"--smush-placeholder-width: 657px; --smush-placeholder-aspect-ratio: 657\/387;\" \/>\t\t\t\t\t\t\t\t\t\t\t\t\t\t\t<\/div>\n\t\t\t\t<\/div>\n\t\t\t\t<section class=\"elementor-section elementor-inner-section elementor-element elementor-element-5a13c35 elementor-section-boxed elementor-section-height-default elementor-section-height-default\" data-id=\"5a13c35\" data-element_type=\"section\" data-e-type=\"section\">\n\t\t\t\t\t\t<div class=\"elementor-container elementor-column-gap-default\">\n\t\t\t\t\t<div class=\"elementor-column elementor-col-100 elementor-inner-column elementor-element elementor-element-f313c41\" data-id=\"f313c41\" data-element_type=\"column\" data-e-type=\"column\">\n\t\t\t<div class=\"elementor-widget-wrap\">\n\t\t\t\t\t\t\t<\/div>\n\t\t<\/div>\n\t\t\t\t\t<\/div>\n\t\t<\/section>\n\t\t\t\t\t<\/div>\n\t\t<\/div>\n\t\t\t\t\t<\/div>\n\t\t<\/section>\n\t\t<div class=\"elementor-element elementor-element-385610b e-flex e-con-boxed e-con e-parent\" data-id=\"385610b\" data-element_type=\"container\" data-e-type=\"container\">\n\t\t\t\t\t<div class=\"e-con-inner\">\n\t\t<div class=\"elementor-element elementor-element-d4a67f8 e-con-full e-flex e-con e-child\" data-id=\"d4a67f8\" data-element_type=\"container\" data-e-type=\"container\">\n\t\t\t\t<div class=\"elementor-element elementor-element-7a8b7ba elementor-widget elementor-widget-video\" data-id=\"7a8b7ba\" data-element_type=\"widget\" data-e-type=\"widget\" data-settings=\"{&quot;video_type&quot;:&quot;hosted&quot;,&quot;controls&quot;:&quot;yes&quot;}\" data-widget_type=\"video.default\">\n\t\t\t\t<div class=\"elementor-widget-container\">\n\t\t\t\t\t\t\t<div class=\"e-hosted-video elementor-wrapper elementor-open-inline\">\n\t\t\t\t\t<video class=\"elementor-video\" src=\"https:\/\/codeximport.es\/wp-content\/uploads\/2023\/05\/clideo_editor_827b29fa937b493998b4de0de8b044e7.mp4\" controls=\"\" preload=\"metadata\" controlsList=\"nodownload\"><\/video>\n\t\t\t\t<\/div>\n\t\t\t\t\t\t<\/div>\n\t\t\t\t<\/div>\n\t\t\t\t<\/div>\n\t\t<div class=\"elementor-element elementor-element-f59b7e3 e-con-full e-flex e-con e-child\" data-id=\"f59b7e3\" data-element_type=\"container\" data-e-type=\"container\">\n\t\t<div class=\"elementor-element elementor-element-52ae56e e-flex e-con-boxed e-con e-child\" data-id=\"52ae56e\" data-element_type=\"container\" data-e-type=\"container\">\n\t\t\t\t\t<div class=\"e-con-inner\">\n\t\t\t\t<div class=\"elementor-element elementor-element-5c661c9 elementor-widget elementor-widget-text-editor\" data-id=\"5c661c9\" data-element_type=\"widget\" data-e-type=\"widget\" data-widget_type=\"text-editor.default\">\n\t\t\t\t<div class=\"elementor-widget-container\">\n\t\t\t\t\t\t\t\t\t<blockquote><h4>\u00abPegan mucho m\u00e1s. Calidad totalmente incomparable.\u00bb<\/h4><\/blockquote>\t\t\t\t\t\t\t\t<\/div>\n\t\t\t\t<\/div>\n\t\t\t\t\t<\/div>\n\t\t\t\t<\/div>\n\t\t<div class=\"elementor-element elementor-element-406a07c e-flex e-con-boxed e-con e-child\" data-id=\"406a07c\" data-element_type=\"container\" data-e-type=\"container\">\n\t\t\t\t\t<div class=\"e-con-inner\">\n\t\t\t\t<div class=\"elementor-element elementor-element-6764541 elementor-widget elementor-widget-text-editor\" data-id=\"6764541\" data-element_type=\"widget\" data-e-type=\"widget\" data-widget_type=\"text-editor.default\">\n\t\t\t\t<div class=\"elementor-widget-container\">\n\t\t\t\t\t\t\t\t\t<p><strong>Ximo Bruque. <span style=\"color: #3366ff;\">Gerente de GLS Alboraya.<\/span><\/strong><\/p>\t\t\t\t\t\t\t\t<\/div>\n\t\t\t\t<\/div>\n\t\t\t\t\t<\/div>\n\t\t\t\t<\/div>\n\t\t\t\t<\/div>\n\t\t\t\t\t<\/div>\n\t\t\t\t<\/div>\n\t\t<div class=\"elementor-element elementor-element-f79696f e-flex e-con-boxed e-con e-parent\" data-id=\"f79696f\" data-element_type=\"container\" data-e-type=\"container\">\n\t\t\t\t\t<div class=\"e-con-inner\">\n\t\t<div class=\"elementor-element elementor-element-0971083 e-con-full e-flex e-con e-child\" data-id=\"0971083\" data-element_type=\"container\" data-e-type=\"container\">\n\t\t\t\t<div class=\"elementor-element elementor-element-3ca098c elementor-widget elementor-widget-text-editor\" data-id=\"3ca098c\" data-element_type=\"widget\" data-e-type=\"widget\" data-widget_type=\"text-editor.default\">\n\t\t\t\t<div class=\"elementor-widget-container\">\n\t\t\t\t\t\t\t\t\t<p>\u00a0<\/p><p><strong>Alberto Piju\u00e1n. <span style=\"color: #3366ff;\">Gerente de GLS Manises.<\/span><\/strong><\/p>\t\t\t\t\t\t\t\t<\/div>\n\t\t\t\t<\/div>\n\t\t\t\t<\/div>\n\t\t<div class=\"elementor-element elementor-element-ecb8773 e-flex e-con-boxed e-con e-child\" data-id=\"ecb8773\" data-element_type=\"container\" data-e-type=\"container\">\n\t\t\t\t\t<div class=\"e-con-inner\">\n\t\t\t\t<div class=\"elementor-element elementor-element-19565d6 elementor-widget elementor-widget-text-editor\" data-id=\"19565d6\" data-element_type=\"widget\" data-e-type=\"widget\" data-widget_type=\"text-editor.default\">\n\t\t\t\t<div class=\"elementor-widget-container\">\n\t\t\t\t\t\t\t\t\t<blockquote><h4>\u00abLa calidad es muy buena, mejor que las que us\u00e1bamos antes, y la atenci\u00f3n insuperable. Estamos encantados con todos los productos de esta tienda.\u00bb<\/h4><\/blockquote>\t\t\t\t\t\t\t\t<\/div>\n\t\t\t\t<\/div>\n\t\t\t\t\t<\/div>\n\t\t\t\t<\/div>\n\t\t<div class=\"elementor-element elementor-element-f4c4cc1 e-con-full e-flex e-con e-child\" data-id=\"f4c4cc1\" data-element_type=\"container\" data-e-type=\"container\">\n\t\t\t\t<\/div>\n\t\t\t\t\t<\/div>\n\t\t\t\t<\/div>\n\t\t\t\t<section class=\"elementor-section elementor-top-section elementor-element elementor-element-43a92b1 elementor-section-boxed elementor-section-height-default elementor-section-height-default\" data-id=\"43a92b1\" data-element_type=\"section\" data-e-type=\"section\">\n\t\t\t\t\t\t<div class=\"elementor-container elementor-column-gap-default\">\n\t\t\t\t\t<div class=\"elementor-column elementor-col-50 elementor-top-column elementor-element elementor-element-f7fe86b\" data-id=\"f7fe86b\" data-element_type=\"column\" data-e-type=\"column\">\n\t\t\t<div class=\"elementor-widget-wrap elementor-element-populated\">\n\t\t\t\t\t\t<div class=\"elementor-element elementor-element-f256be5 elementor-widget elementor-widget-heading\" data-id=\"f256be5\" data-element_type=\"widget\" data-e-type=\"widget\" data-widget_type=\"heading.default\">\n\t\t\t\t<div class=\"elementor-widget-container\">\n\t\t\t\t\t<h3 class=\"elementor-heading-title elementor-size-default\">En un futuro... que ya est\u00e1 aqu\u00ed.<\/h3>\t\t\t\t<\/div>\n\t\t\t\t<\/div>\n\t\t\t\t\t<\/div>\n\t\t<\/div>\n\t\t\t\t<div class=\"elementor-column elementor-col-50 elementor-top-column elementor-element elementor-element-b2b4b0d\" data-id=\"b2b4b0d\" data-element_type=\"column\" data-e-type=\"column\">\n\t\t\t<div class=\"elementor-widget-wrap elementor-element-populated\">\n\t\t\t\t\t\t<div class=\"elementor-element elementor-element-6de4457 elementor-widget elementor-widget-text-editor\" data-id=\"6de4457\" data-element_type=\"widget\" data-e-type=\"widget\" data-widget_type=\"text-editor.default\">\n\t\t\t\t<div class=\"elementor-widget-container\">\n\t\t\t\t\t\t\t\t\t<p>Hemos creado un servicio a demanda para buscar, negociar e importar productos que una tienda precise, desde rotuladores hasta ropa para perros. Desde la f\u00e1brica hasta el vendedor final, <strong>sin pasar por intermediarios<\/strong> que encarezcan el producto, de esta forma el margen de venta ser\u00e1 mayor, tanto para el vendedor como para nosotros&#8230; WIN to WIN.<br \/>Tienes un buen producto que crees que puede funcionar y quieres probar? O simplemente buscas abaratar tus productos. Com\u00e9ntanoslo.<\/p>\t\t\t\t\t\t\t\t<\/div>\n\t\t\t\t<\/div>\n\t\t\t\t\t<\/div>\n\t\t<\/div>\n\t\t\t\t\t<\/div>\n\t\t<\/section>\n\t\t\t\t<\/div>\n\t\t","protected":false},"excerpt":{"rendered":"<p>Algo sobre nosotros&#8230; Nuestra historia Empezamos&#8230; Dicen que la curiosidad mat\u00f3 al gato. En nuestro caso, la curiosidad nos hizo crecer.Empezamos probando en Amazon con un producto las Navidades pasadas.La cosa funcion\u00f3, as\u00ed que buscando nuevos productos dimos con unas etiquetas de muy buena calidad y a un precio muy econ\u00f3mico. Decidimos trasladar esos precios&#8230;<\/p>\n","protected":false},"author":1,"featured_media":0,"parent":0,"menu_order":0,"comment_status":"closed","ping_status":"closed","template":"","meta":{"_kadence_starter_templates_imported_post":true,"_kad_post_transparent":"","_kad_post_title":"hide","_kad_post_layout":"fullwidth","_kad_post_sidebar_id":"","_kad_post_content_style":"unboxed","_kad_post_vertical_padding":"hide","_kad_post_feature":"hide","_kad_post_feature_position":"","_kad_post_header":false,"_kad_post_footer":false,"_kad_post_classname":"","footnotes":""},"class_list":["post-492","page","type-page","status-publish","hentry"],"yoast_head":"<!-- This site is optimized with the Yoast SEO plugin v27.4 - https:\/\/yoast.com\/product\/yoast-seo-wordpress\/ -->\n<title>About - CODEX IMPORT<\/title>\n<meta name=\"robots\" content=\"index, follow, max-snippet:-1, max-image-preview:large, max-video-preview:-1\" \/>\n<link rel=\"canonical\" href=\"https:\/\/codeximport.es\/index.php\/about\/\" \/>\n<meta property=\"og:locale\" content=\"es_ES\" \/>\n<meta property=\"og:type\" content=\"article\" \/>\n<meta property=\"og:title\" content=\"About - CODEX IMPORT\" \/>\n<meta property=\"og:description\" content=\"Algo sobre nosotros&#8230; Nuestra historia Empezamos&#8230; Dicen que la curiosidad mat\u00f3 al gato. En nuestro caso, la curiosidad nos hizo crecer.Empezamos probando en Amazon con un producto las Navidades pasadas.La cosa funcion\u00f3, as\u00ed que buscando nuevos productos dimos con unas etiquetas de muy buena calidad y a un precio muy econ\u00f3mico. Decidimos trasladar esos precios...\" \/>\n<meta property=\"og:url\" content=\"https:\/\/codeximport.es\/index.php\/about\/\" \/>\n<meta property=\"og:site_name\" content=\"CODEX IMPORT\" \/>\n<meta property=\"article:modified_time\" content=\"2024-01-27T09:29:45+00:00\" \/>\n<meta property=\"og:image\" content=\"https:\/\/codeximport.es\/wp-content\/uploads\/2023\/05\/sobre.jpg\" \/>\n<meta name=\"twitter:card\" content=\"summary_large_image\" \/>\n<script type=\"application\/ld+json\" class=\"yoast-schema-graph\">{\"@context\":\"https:\\\/\\\/schema.org\",\"@graph\":[{\"@type\":\"WebPage\",\"@id\":\"https:\\\/\\\/codeximport.es\\\/index.php\\\/about\\\/\",\"url\":\"https:\\\/\\\/codeximport.es\\\/index.php\\\/about\\\/\",\"name\":\"About - CODEX IMPORT\",\"isPartOf\":{\"@id\":\"https:\\\/\\\/codeximport.es\\\/#website\"},\"primaryImageOfPage\":{\"@id\":\"https:\\\/\\\/codeximport.es\\\/index.php\\\/about\\\/#primaryimage\"},\"image\":{\"@id\":\"https:\\\/\\\/codeximport.es\\\/index.php\\\/about\\\/#primaryimage\"},\"thumbnailUrl\":\"https:\\\/\\\/codeximport.es\\\/wp-content\\\/uploads\\\/2023\\\/05\\\/sobre.jpg\",\"datePublished\":\"2020-10-26T08:38:49+00:00\",\"dateModified\":\"2024-01-27T09:29:45+00:00\",\"breadcrumb\":{\"@id\":\"https:\\\/\\\/codeximport.es\\\/index.php\\\/about\\\/#breadcrumb\"},\"inLanguage\":\"es\",\"potentialAction\":[{\"@type\":\"ReadAction\",\"target\":[\"https:\\\/\\\/codeximport.es\\\/index.php\\\/about\\\/\"]}]},{\"@type\":\"ImageObject\",\"inLanguage\":\"es\",\"@id\":\"https:\\\/\\\/codeximport.es\\\/index.php\\\/about\\\/#primaryimage\",\"url\":\"https:\\\/\\\/codeximport.es\\\/wp-content\\\/uploads\\\/2023\\\/05\\\/sobre.jpg\",\"contentUrl\":\"https:\\\/\\\/codeximport.es\\\/wp-content\\\/uploads\\\/2023\\\/05\\\/sobre.jpg\",\"width\":540,\"height\":700},{\"@type\":\"BreadcrumbList\",\"@id\":\"https:\\\/\\\/codeximport.es\\\/index.php\\\/about\\\/#breadcrumb\",\"itemListElement\":[{\"@type\":\"ListItem\",\"position\":1,\"name\":\"Inicio\",\"item\":\"https:\\\/\\\/codeximport.es\\\/\"},{\"@type\":\"ListItem\",\"position\":2,\"name\":\"About\"}]},{\"@type\":\"WebSite\",\"@id\":\"https:\\\/\\\/codeximport.es\\\/#website\",\"url\":\"https:\\\/\\\/codeximport.es\\\/\",\"name\":\"CODEX IMPORT\",\"description\":\"Tu tienda de etiquetas t\u00e9rmicas\",\"publisher\":{\"@id\":\"https:\\\/\\\/codeximport.es\\\/#\\\/schema\\\/person\\\/dbc5e59c599c92de9722be2ce54f3d0c\"},\"potentialAction\":[{\"@type\":\"SearchAction\",\"target\":{\"@type\":\"EntryPoint\",\"urlTemplate\":\"https:\\\/\\\/codeximport.es\\\/?s={search_term_string}\"},\"query-input\":{\"@type\":\"PropertyValueSpecification\",\"valueRequired\":true,\"valueName\":\"search_term_string\"}}],\"inLanguage\":\"es\"},{\"@type\":[\"Person\",\"Organization\"],\"@id\":\"https:\\\/\\\/codeximport.es\\\/#\\\/schema\\\/person\\\/dbc5e59c599c92de9722be2ce54f3d0c\",\"name\":\"codexpedidos\",\"image\":{\"@type\":\"ImageObject\",\"inLanguage\":\"es\",\"@id\":\"https:\\\/\\\/codeximport.es\\\/wp-content\\\/uploads\\\/2023\\\/05\\\/cropped-logo.jpg\",\"url\":\"https:\\\/\\\/codeximport.es\\\/wp-content\\\/uploads\\\/2023\\\/05\\\/cropped-logo.jpg\",\"contentUrl\":\"https:\\\/\\\/codeximport.es\\\/wp-content\\\/uploads\\\/2023\\\/05\\\/cropped-logo.jpg\",\"width\":340,\"height\":207,\"caption\":\"codexpedidos\"},\"logo\":{\"@id\":\"https:\\\/\\\/codeximport.es\\\/wp-content\\\/uploads\\\/2023\\\/05\\\/cropped-logo.jpg\"},\"sameAs\":[\"https:\\\/\\\/codeximport.es\"]}]}<\/script>\n<!-- \/ Yoast SEO plugin. -->","yoast_head_json":{"title":"About - CODEX IMPORT","robots":{"index":"index","follow":"follow","max-snippet":"max-snippet:-1","max-image-preview":"max-image-preview:large","max-video-preview":"max-video-preview:-1"},"canonical":"https:\/\/codeximport.es\/index.php\/about\/","og_locale":"es_ES","og_type":"article","og_title":"About - CODEX IMPORT","og_description":"Algo sobre nosotros&#8230; Nuestra historia Empezamos&#8230; Dicen que la curiosidad mat\u00f3 al gato. En nuestro caso, la curiosidad nos hizo crecer.Empezamos probando en Amazon con un producto las Navidades pasadas.La cosa funcion\u00f3, as\u00ed que buscando nuevos productos dimos con unas etiquetas de muy buena calidad y a un precio muy econ\u00f3mico. Decidimos trasladar esos precios...","og_url":"https:\/\/codeximport.es\/index.php\/about\/","og_site_name":"CODEX IMPORT","article_modified_time":"2024-01-27T09:29:45+00:00","og_image":[{"url":"https:\/\/codeximport.es\/wp-content\/uploads\/2023\/05\/sobre.jpg","type":"","width":"","height":""}],"twitter_card":"summary_large_image","schema":{"@context":"https:\/\/schema.org","@graph":[{"@type":"WebPage","@id":"https:\/\/codeximport.es\/index.php\/about\/","url":"https:\/\/codeximport.es\/index.php\/about\/","name":"About - CODEX IMPORT","isPartOf":{"@id":"https:\/\/codeximport.es\/#website"},"primaryImageOfPage":{"@id":"https:\/\/codeximport.es\/index.php\/about\/#primaryimage"},"image":{"@id":"https:\/\/codeximport.es\/index.php\/about\/#primaryimage"},"thumbnailUrl":"https:\/\/codeximport.es\/wp-content\/uploads\/2023\/05\/sobre.jpg","datePublished":"2020-10-26T08:38:49+00:00","dateModified":"2024-01-27T09:29:45+00:00","breadcrumb":{"@id":"https:\/\/codeximport.es\/index.php\/about\/#breadcrumb"},"inLanguage":"es","potentialAction":[{"@type":"ReadAction","target":["https:\/\/codeximport.es\/index.php\/about\/"]}]},{"@type":"ImageObject","inLanguage":"es","@id":"https:\/\/codeximport.es\/index.php\/about\/#primaryimage","url":"https:\/\/codeximport.es\/wp-content\/uploads\/2023\/05\/sobre.jpg","contentUrl":"https:\/\/codeximport.es\/wp-content\/uploads\/2023\/05\/sobre.jpg","width":540,"height":700},{"@type":"BreadcrumbList","@id":"https:\/\/codeximport.es\/index.php\/about\/#breadcrumb","itemListElement":[{"@type":"ListItem","position":1,"name":"Inicio","item":"https:\/\/codeximport.es\/"},{"@type":"ListItem","position":2,"name":"About"}]},{"@type":"WebSite","@id":"https:\/\/codeximport.es\/#website","url":"https:\/\/codeximport.es\/","name":"CODEX IMPORT","description":"Tu tienda de etiquetas t\u00e9rmicas","publisher":{"@id":"https:\/\/codeximport.es\/#\/schema\/person\/dbc5e59c599c92de9722be2ce54f3d0c"},"potentialAction":[{"@type":"SearchAction","target":{"@type":"EntryPoint","urlTemplate":"https:\/\/codeximport.es\/?s={search_term_string}"},"query-input":{"@type":"PropertyValueSpecification","valueRequired":true,"valueName":"search_term_string"}}],"inLanguage":"es"},{"@type":["Person","Organization"],"@id":"https:\/\/codeximport.es\/#\/schema\/person\/dbc5e59c599c92de9722be2ce54f3d0c","name":"codexpedidos","image":{"@type":"ImageObject","inLanguage":"es","@id":"https:\/\/codeximport.es\/wp-content\/uploads\/2023\/05\/cropped-logo.jpg","url":"https:\/\/codeximport.es\/wp-content\/uploads\/2023\/05\/cropped-logo.jpg","contentUrl":"https:\/\/codeximport.es\/wp-content\/uploads\/2023\/05\/cropped-logo.jpg","width":340,"height":207,"caption":"codexpedidos"},"logo":{"@id":"https:\/\/codeximport.es\/wp-content\/uploads\/2023\/05\/cropped-logo.jpg"},"sameAs":["https:\/\/codeximport.es"]}]}},"_links":{"self":[{"href":"https:\/\/codeximport.es\/index.php\/wp-json\/wp\/v2\/pages\/492","targetHints":{"allow":["GET"]}}],"collection":[{"href":"https:\/\/codeximport.es\/index.php\/wp-json\/wp\/v2\/pages"}],"about":[{"href":"https:\/\/codeximport.es\/index.php\/wp-json\/wp\/v2\/types\/page"}],"author":[{"embeddable":true,"href":"https:\/\/codeximport.es\/index.php\/wp-json\/wp\/v2\/users\/1"}],"replies":[{"embeddable":true,"href":"https:\/\/codeximport.es\/index.php\/wp-json\/wp\/v2\/comments?post=492"}],"version-history":[{"count":88,"href":"https:\/\/codeximport.es\/index.php\/wp-json\/wp\/v2\/pages\/492\/revisions"}],"predecessor-version":[{"id":2168,"href":"https:\/\/codeximport.es\/index.php\/wp-json\/wp\/v2\/pages\/492\/revisions\/2168"}],"wp:attachment":[{"href":"https:\/\/codeximport.es\/index.php\/wp-json\/wp\/v2\/media?parent=492"}],"curies":[{"name":"wp","href":"https:\/\/api.w.org\/{rel}","templated":true}]}}