{"id":1209,"date":"2023-05-07T18:27:08","date_gmt":"2023-05-07T18:27:08","guid":{"rendered":"https:\/\/codeximport.com\/?post_type=product&#038;p=1209"},"modified":"2025-08-07T19:57:24","modified_gmt":"2025-08-07T19:57:24","slug":"rollos-de-500-etiquetas","status":"publish","type":"product","link":"https:\/\/codeximport.es\/index.php\/product\/rollos-de-500-etiquetas\/","title":{"rendered":"Rollos de 500 etiquetas"},"content":{"rendered":"<p><strong>Caja de<span style=\"color: #0000ff;\"> 12<\/span> unidades.<br \/>\n<\/strong><strong><span style=\"color: #3366ff;\"><span style=\"color: #003366;\">1 rollo de 500 etiquetas =<\/span> 5,25\u20ac.<br \/>\n<\/span><\/strong><strong>Formato: 100 x 150 mm (4&#8243; x 6&#8243;).<br \/>\n<\/strong><strong>N\u00facleo: 25 mm<\/strong><\/p>\n<p><a href=\"https:\/\/codeximport.es\/#carac\">Ver caracter\u00edsticas<\/a><\/p>\n<p>&nbsp;<\/p>\n","protected":false},"excerpt":{"rendered":"<p><span style=\"color: #3366ff;\"><strong>CAJA DE 12 UNIDADES<br \/>\n<\/strong><\/span><strong><span style=\"color: #23d97e;\">POR CADA CAJA, REGALO DE 520 ETIQUETAS!!<\/span><\/strong><\/p>\n","protected":false},"featured_media":2016,"comment_status":"open","ping_status":"closed","template":"","meta":{"_kadence_starter_templates_imported_post":false,"_kad_post_transparent":"default","_kad_post_title":"","_kad_post_layout":"default","_kad_post_sidebar_id":"","_kad_post_content_style":"default","_kad_post_vertical_padding":"default","_kad_post_feature":"","_kad_post_feature_position":"","_kad_post_header":false,"_kad_post_footer":false,"_kad_post_classname":""},"product_brand":[],"product_cat":[15],"product_tag":[],"class_list":{"0":"post-1209","1":"product","2":"type-product","3":"status-publish","4":"has-post-thumbnail","6":"product_cat-etiquetas-termicas","8":"first","9":"instock","10":"taxable","11":"shipping-taxable","12":"purchasable","13":"product-type-simple","14":"entry","15":"content-bg","16":"loop-entry"},"yoast_head":"<!-- This site is optimized with the Yoast SEO plugin v27.5 - https:\/\/yoast.com\/product\/yoast-seo-wordpress\/ -->\n<title>Gran resistencia a l\u00edquidos. Rollos de 500 etiquetas \u2b50<\/title>\n<meta name=\"description\" content=\"\u2705Las m\u00e1s econ\u00f3micas del mercado. Etiquetas t\u00e9rmicas de gran calidad. Fuerte adhesi\u00f3n al material. Respeta el medio ambiente. Gran resistencia a l\u00edquidos.\" \/>\n<meta name=\"robots\" content=\"index, follow, max-snippet:-1, max-image-preview:large, max-video-preview:-1\" \/>\n<link rel=\"canonical\" href=\"https:\/\/codeximport.es\/index.php\/product\/rollos-de-500-etiquetas\/\" \/>\n<meta property=\"og:locale\" content=\"es_ES\" \/>\n<meta property=\"og:type\" content=\"article\" \/>\n<meta property=\"og:title\" content=\"Gran resistencia a l\u00edquidos. Rollos de 500 etiquetas \u2b50\" \/>\n<meta property=\"og:description\" content=\"\u2705Las m\u00e1s econ\u00f3micas del mercado. Etiquetas t\u00e9rmicas de gran calidad. Fuerte adhesi\u00f3n al material. Respeta el medio ambiente. Gran resistencia a l\u00edquidos.\" \/>\n<meta property=\"og:url\" content=\"https:\/\/codeximport.es\/index.php\/product\/rollos-de-500-etiquetas\/\" \/>\n<meta property=\"og:site_name\" content=\"CODEX IMPORT\" \/>\n<meta property=\"article:modified_time\" content=\"2025-08-07T19:57:24+00:00\" \/>\n<meta property=\"og:image\" content=\"https:\/\/codeximport.es\/wp-content\/uploads\/2023\/05\/Diseno-sin-titulo-10.png\" \/>\n\t<meta property=\"og:image:width\" content=\"1200\" \/>\n\t<meta property=\"og:image:height\" content=\"1200\" \/>\n\t<meta property=\"og:image:type\" content=\"image\/png\" \/>\n<meta name=\"twitter:card\" content=\"summary_large_image\" \/>\n<script type=\"application\/ld+json\" class=\"yoast-schema-graph\">{\"@context\":\"https:\\\/\\\/schema.org\",\"@graph\":[{\"@type\":\"WebPage\",\"@id\":\"https:\\\/\\\/codeximport.es\\\/index.php\\\/product\\\/rollos-de-500-etiquetas\\\/\",\"url\":\"https:\\\/\\\/codeximport.es\\\/index.php\\\/product\\\/rollos-de-500-etiquetas\\\/\",\"name\":\"Gran resistencia a l\u00edquidos. Rollos de 500 etiquetas \u2b50\",\"isPartOf\":{\"@id\":\"https:\\\/\\\/codeximport.es\\\/#website\"},\"primaryImageOfPage\":{\"@id\":\"https:\\\/\\\/codeximport.es\\\/index.php\\\/product\\\/rollos-de-500-etiquetas\\\/#primaryimage\"},\"image\":{\"@id\":\"https:\\\/\\\/codeximport.es\\\/index.php\\\/product\\\/rollos-de-500-etiquetas\\\/#primaryimage\"},\"thumbnailUrl\":\"https:\\\/\\\/codeximport.es\\\/wp-content\\\/uploads\\\/2023\\\/05\\\/Diseno-sin-titulo-10.png\",\"datePublished\":\"2023-05-07T18:27:08+00:00\",\"dateModified\":\"2025-08-07T19:57:24+00:00\",\"description\":\"\u2705Las m\u00e1s econ\u00f3micas del mercado. Etiquetas t\u00e9rmicas de gran calidad. Fuerte adhesi\u00f3n al material. Respeta el medio ambiente. Gran resistencia a l\u00edquidos.\",\"breadcrumb\":{\"@id\":\"https:\\\/\\\/codeximport.es\\\/index.php\\\/product\\\/rollos-de-500-etiquetas\\\/#breadcrumb\"},\"inLanguage\":\"es\",\"potentialAction\":[{\"@type\":\"ReadAction\",\"target\":[\"https:\\\/\\\/codeximport.es\\\/index.php\\\/product\\\/rollos-de-500-etiquetas\\\/\"]}]},{\"@type\":\"ImageObject\",\"inLanguage\":\"es\",\"@id\":\"https:\\\/\\\/codeximport.es\\\/index.php\\\/product\\\/rollos-de-500-etiquetas\\\/#primaryimage\",\"url\":\"https:\\\/\\\/codeximport.es\\\/wp-content\\\/uploads\\\/2023\\\/05\\\/Diseno-sin-titulo-10.png\",\"contentUrl\":\"https:\\\/\\\/codeximport.es\\\/wp-content\\\/uploads\\\/2023\\\/05\\\/Diseno-sin-titulo-10.png\",\"width\":1200,\"height\":1200},{\"@type\":\"BreadcrumbList\",\"@id\":\"https:\\\/\\\/codeximport.es\\\/index.php\\\/product\\\/rollos-de-500-etiquetas\\\/#breadcrumb\",\"itemListElement\":[{\"@type\":\"ListItem\",\"position\":1,\"name\":\"Inicio\",\"item\":\"https:\\\/\\\/codeximport.es\\\/\"},{\"@type\":\"ListItem\",\"position\":2,\"name\":\"TIENDA\",\"item\":\"https:\\\/\\\/codeximport.es\\\/index.php\\\/shop\\\/\"},{\"@type\":\"ListItem\",\"position\":3,\"name\":\"Rollos de 500 etiquetas\"}]},{\"@type\":\"WebSite\",\"@id\":\"https:\\\/\\\/codeximport.es\\\/#website\",\"url\":\"https:\\\/\\\/codeximport.es\\\/\",\"name\":\"CODEX IMPORT\",\"description\":\"Tu tienda de etiquetas t\u00e9rmicas\",\"publisher\":{\"@id\":\"https:\\\/\\\/codeximport.es\\\/#\\\/schema\\\/person\\\/dbc5e59c599c92de9722be2ce54f3d0c\"},\"potentialAction\":[{\"@type\":\"SearchAction\",\"target\":{\"@type\":\"EntryPoint\",\"urlTemplate\":\"https:\\\/\\\/codeximport.es\\\/?s={search_term_string}\"},\"query-input\":{\"@type\":\"PropertyValueSpecification\",\"valueRequired\":true,\"valueName\":\"search_term_string\"}}],\"inLanguage\":\"es\"},{\"@type\":[\"Person\",\"Organization\"],\"@id\":\"https:\\\/\\\/codeximport.es\\\/#\\\/schema\\\/person\\\/dbc5e59c599c92de9722be2ce54f3d0c\",\"name\":\"codexpedidos\",\"image\":{\"@type\":\"ImageObject\",\"inLanguage\":\"es\",\"@id\":\"https:\\\/\\\/codeximport.es\\\/wp-content\\\/uploads\\\/2023\\\/05\\\/cropped-logo.jpg\",\"url\":\"https:\\\/\\\/codeximport.es\\\/wp-content\\\/uploads\\\/2023\\\/05\\\/cropped-logo.jpg\",\"contentUrl\":\"https:\\\/\\\/codeximport.es\\\/wp-content\\\/uploads\\\/2023\\\/05\\\/cropped-logo.jpg\",\"width\":340,\"height\":207,\"caption\":\"codexpedidos\"},\"logo\":{\"@id\":\"https:\\\/\\\/codeximport.es\\\/wp-content\\\/uploads\\\/2023\\\/05\\\/cropped-logo.jpg\"},\"sameAs\":[\"https:\\\/\\\/codeximport.es\"]}]}<\/script>\n<!-- \/ Yoast SEO plugin. -->","yoast_head_json":{"title":"Gran resistencia a l\u00edquidos. Rollos de 500 etiquetas \u2b50","description":"\u2705Las m\u00e1s econ\u00f3micas del mercado. Etiquetas t\u00e9rmicas de gran calidad. Fuerte adhesi\u00f3n al material. Respeta el medio ambiente. Gran resistencia a l\u00edquidos.","robots":{"index":"index","follow":"follow","max-snippet":"max-snippet:-1","max-image-preview":"max-image-preview:large","max-video-preview":"max-video-preview:-1"},"canonical":"https:\/\/codeximport.es\/index.php\/product\/rollos-de-500-etiquetas\/","og_locale":"es_ES","og_type":"article","og_title":"Gran resistencia a l\u00edquidos. Rollos de 500 etiquetas \u2b50","og_description":"\u2705Las m\u00e1s econ\u00f3micas del mercado. Etiquetas t\u00e9rmicas de gran calidad. Fuerte adhesi\u00f3n al material. Respeta el medio ambiente. Gran resistencia a l\u00edquidos.","og_url":"https:\/\/codeximport.es\/index.php\/product\/rollos-de-500-etiquetas\/","og_site_name":"CODEX IMPORT","article_modified_time":"2025-08-07T19:57:24+00:00","og_image":[{"width":1200,"height":1200,"url":"https:\/\/codeximport.es\/wp-content\/uploads\/2023\/05\/Diseno-sin-titulo-10.png","type":"image\/png"}],"twitter_card":"summary_large_image","schema":{"@context":"https:\/\/schema.org","@graph":[{"@type":"WebPage","@id":"https:\/\/codeximport.es\/index.php\/product\/rollos-de-500-etiquetas\/","url":"https:\/\/codeximport.es\/index.php\/product\/rollos-de-500-etiquetas\/","name":"Gran resistencia a l\u00edquidos. Rollos de 500 etiquetas \u2b50","isPartOf":{"@id":"https:\/\/codeximport.es\/#website"},"primaryImageOfPage":{"@id":"https:\/\/codeximport.es\/index.php\/product\/rollos-de-500-etiquetas\/#primaryimage"},"image":{"@id":"https:\/\/codeximport.es\/index.php\/product\/rollos-de-500-etiquetas\/#primaryimage"},"thumbnailUrl":"https:\/\/codeximport.es\/wp-content\/uploads\/2023\/05\/Diseno-sin-titulo-10.png","datePublished":"2023-05-07T18:27:08+00:00","dateModified":"2025-08-07T19:57:24+00:00","description":"\u2705Las m\u00e1s econ\u00f3micas del mercado. Etiquetas t\u00e9rmicas de gran calidad. Fuerte adhesi\u00f3n al material. Respeta el medio ambiente. Gran resistencia a l\u00edquidos.","breadcrumb":{"@id":"https:\/\/codeximport.es\/index.php\/product\/rollos-de-500-etiquetas\/#breadcrumb"},"inLanguage":"es","potentialAction":[{"@type":"ReadAction","target":["https:\/\/codeximport.es\/index.php\/product\/rollos-de-500-etiquetas\/"]}]},{"@type":"ImageObject","inLanguage":"es","@id":"https:\/\/codeximport.es\/index.php\/product\/rollos-de-500-etiquetas\/#primaryimage","url":"https:\/\/codeximport.es\/wp-content\/uploads\/2023\/05\/Diseno-sin-titulo-10.png","contentUrl":"https:\/\/codeximport.es\/wp-content\/uploads\/2023\/05\/Diseno-sin-titulo-10.png","width":1200,"height":1200},{"@type":"BreadcrumbList","@id":"https:\/\/codeximport.es\/index.php\/product\/rollos-de-500-etiquetas\/#breadcrumb","itemListElement":[{"@type":"ListItem","position":1,"name":"Inicio","item":"https:\/\/codeximport.es\/"},{"@type":"ListItem","position":2,"name":"TIENDA","item":"https:\/\/codeximport.es\/index.php\/shop\/"},{"@type":"ListItem","position":3,"name":"Rollos de 500 etiquetas"}]},{"@type":"WebSite","@id":"https:\/\/codeximport.es\/#website","url":"https:\/\/codeximport.es\/","name":"CODEX IMPORT","description":"Tu tienda de etiquetas t\u00e9rmicas","publisher":{"@id":"https:\/\/codeximport.es\/#\/schema\/person\/dbc5e59c599c92de9722be2ce54f3d0c"},"potentialAction":[{"@type":"SearchAction","target":{"@type":"EntryPoint","urlTemplate":"https:\/\/codeximport.es\/?s={search_term_string}"},"query-input":{"@type":"PropertyValueSpecification","valueRequired":true,"valueName":"search_term_string"}}],"inLanguage":"es"},{"@type":["Person","Organization"],"@id":"https:\/\/codeximport.es\/#\/schema\/person\/dbc5e59c599c92de9722be2ce54f3d0c","name":"codexpedidos","image":{"@type":"ImageObject","inLanguage":"es","@id":"https:\/\/codeximport.es\/wp-content\/uploads\/2023\/05\/cropped-logo.jpg","url":"https:\/\/codeximport.es\/wp-content\/uploads\/2023\/05\/cropped-logo.jpg","contentUrl":"https:\/\/codeximport.es\/wp-content\/uploads\/2023\/05\/cropped-logo.jpg","width":340,"height":207,"caption":"codexpedidos"},"logo":{"@id":"https:\/\/codeximport.es\/wp-content\/uploads\/2023\/05\/cropped-logo.jpg"},"sameAs":["https:\/\/codeximport.es"]}]}},"_links":{"self":[{"href":"https:\/\/codeximport.es\/index.php\/wp-json\/wp\/v2\/product\/1209","targetHints":{"allow":["GET"]}}],"collection":[{"href":"https:\/\/codeximport.es\/index.php\/wp-json\/wp\/v2\/product"}],"about":[{"href":"https:\/\/codeximport.es\/index.php\/wp-json\/wp\/v2\/types\/product"}],"replies":[{"embeddable":true,"href":"https:\/\/codeximport.es\/index.php\/wp-json\/wp\/v2\/comments?post=1209"}],"version-history":[{"count":12,"href":"https:\/\/codeximport.es\/index.php\/wp-json\/wp\/v2\/product\/1209\/revisions"}],"predecessor-version":[{"id":2060,"href":"https:\/\/codeximport.es\/index.php\/wp-json\/wp\/v2\/product\/1209\/revisions\/2060"}],"wp:featuredmedia":[{"embeddable":true,"href":"https:\/\/codeximport.es\/index.php\/wp-json\/wp\/v2\/media\/2016"}],"wp:attachment":[{"href":"https:\/\/codeximport.es\/index.php\/wp-json\/wp\/v2\/media?parent=1209"}],"wp:term":[{"taxonomy":"product_brand","embeddable":true,"href":"https:\/\/codeximport.es\/index.php\/wp-json\/wp\/v2\/product_brand?post=1209"},{"taxonomy":"product_cat","embeddable":true,"href":"https:\/\/codeximport.es\/index.php\/wp-json\/wp\/v2\/product_cat?post=1209"},{"taxonomy":"product_tag","embeddable":true,"href":"https:\/\/codeximport.es\/index.php\/wp-json\/wp\/v2\/product_tag?post=1209"}],"curies":[{"name":"wp","href":"https:\/\/api.w.org\/{rel}","templated":true}]}}